{"id":7,"date":"2020-08-17T16:54:22","date_gmt":"2020-08-17T16:54:22","guid":{"rendered":"http:\/\/putiri.com.br\/?page_id=4"},"modified":"2023-04-25T08:34:47","modified_gmt":"2023-04-25T11:34:47","slug":"one-page-express","status":"publish","type":"page","link":"http:\/\/putiri.com.br\/?page_id=7","title":{"rendered":"Home"},"content":{"rendered":"<div  id=\"overlapable-2\" class=\"features-coloured-icon-boxes-section\" style=\"background-color: #ffffff;\" data-label=\"Overlapable\" data-id=\"stripped-coloured-icon-boxes\" data-category=\"overlapable\" data-overlap=\"true\">\n<div  class=\"gridContainer\">\n<div  class=\"features-coloured-icon-boxes-innerrow flexbox-list dark-text\" data-type=\"row\">\n<div  class=\"features-coloured-icon-boxes-featurecol cp3cols\">\n<h4  class=\"\">Pertinho da Praia<\/h4>\n<p  class=\"\">A casa fica a 350m da Praia de Putiri, em Aracruz \u2013 ES<\/p>\n<p><img  decoding=\"async\" class=\"custom-image\" src=\"http:\/\/putiri.com.br\/wp-content\/uploads\/2023\/04\/1.png\" alt=\"\"><\/div>\n<div  class=\"features-coloured-icon-boxes-featurecol cp3cols\">\n<h4  class=\"\">5 Su\u00edtes<\/h4>\n<p  class=\"\">S\u00e3o 5 su\u00edtes para o maior conforto de sua fam\u00edlia e amigos.<\/p>\n<p><img  decoding=\"async\" class=\"custom-image\" src=\"http:\/\/putiri.com.br\/wp-content\/uploads\/2023\/04\/3.png\" alt=\"\"><\/div>\n<div  class=\"features-coloured-icon-boxes-featurecol cp3cols\">\n<h4  class=\"\">Entretenimento<\/h4>\n<p  class=\"\">Al\u00e9m de Internet, a casa possui sinuca na \u00e1rea gourmet.<\/p>\n<p><img  decoding=\"async\" class=\"custom-image\" src=\"http:\/\/putiri.com.br\/wp-content\/uploads\/2023\/04\/2.png\" alt=\"\"><\/div>\n<\/div>\n<\/div>\n<\/div>\n<div  id=\"about-1\" class=\"about-big-images-section\" style=\"background-color: #f6f6f6;\" data-label=\"About\" data-id=\"about-big-images-section\" data-category=\"about\">\n<div  class=\"gridContainer\">\n<div  class=\"about-big-images-textrow\">\n<div  class=\"about-big-images-textcol dynamic-color\" data-type=\"column\">\n<h5  class=\"\">Putiri.com.br<\/h5>\n<h3  class=\"\">Re\u00fana a <span  class=\"span25\">fam\u00edlia e os amigos<\/span> e venha desfrutar de dias de descanso e divers\u00e3o na praia de Putiri.<\/h3>\n<p><a class=\"button blue big\" href=\"https:\/\/api.whatsapp.com\/send?phone=%2B5527999140253&amp;text=AluguelPutiri\" target=\"_self\" rel=\"noopener noreferrer\">WhatsApp<\/a><\/p>\n<\/div>\n<\/div>\n<\/div>\n<div  class=\"about-big-images-bottomrow\">\n<div  class=\"about-big-images-leftimgcol\"><img  decoding=\"async\" class=\"about-big-images-leftimg\" src=\"http:\/\/putiri.com.br\/wp-content\/uploads\/2023\/04\/sinuca-Copia.jpg\" alt=\"\"><\/div>\n<div  class=\"about-big-images-centerimgcol\"><img  decoding=\"async\" class=\"about-big-images-centerimg\" src=\"http:\/\/putiri.com.br\/wp-content\/uploads\/2023\/04\/area-gourmet.jpeg\" alt=\"\"><\/div>\n<div  class=\"about-big-images-rightimgcol\"><img  decoding=\"async\" class=\"about-big-images-rightimg\" src=\"http:\/\/putiri.com.br\/wp-content\/uploads\/2020\/08\/WhatsApp-Image-2018-12-23-at-5.33.20-PM-1-Copia.jpeg\"><\/div>\n<\/div>\n<\/div>\n<div  id=\"content-3\" class=\"content-left-image-section\" style=\"background-color: #ffffff;\" data-label=\"Content\" data-id=\"content-image-left\" data-category=\"content\">\n<div  class=\"gridContainer\">\n<div  class=\"row\">\n<div  class=\"content-left-image-imgcol\" data-type=\"column\"><img  decoding=\"async\" class=\"custom-image\" src=\"http:\/\/putiri.com.br\/wp-content\/uploads\/2023\/04\/PULA-PULA.jpeg\" alt=\"\"><\/div>\n<div  class=\"content-left-image-textcol dynamic-color\" data-type=\"column\">\n<h2  class=\"\">Divers\u00e3o para as crian\u00e7as<\/h2>\n<p  class=\"large_text\">Al\u00e9m da piscina, a casa possui pula pula dispon\u00edvel para divertir as crian\u00e7as.<\/p>\n<p>A Internet \u00e9 liberada em toda a casa.<\/p>\n<\/div>\n<\/div>\n<\/div>\n<\/div>\n<div  id=\"content-4\" class=\"content-right-image-section\" style=\"background-color: #f6f6f6;\" data-label=\"Content\" data-id=\"content-image-right\" data-category=\"content\">\n<div  class=\"gridContainer\">\n<div  class=\"content-right-image-gridcol\">\n<div  class=\"content-right-image-textcol dynamic-color\" data-type=\"column\">\n<h2  class=\"\">Praia para fam\u00edlia<\/h2>\n<p  class=\"large_text\">A praia de Putiri \u00e9 uma das melhores praias do Esp\u00edrito Santo, recomendada para fam\u00edlia.<\/p>\n<p>O mar \u00e9 tranquilo e a \u00e1gua pr\u00f3pria para o banho.<\/p>\n<p>A areia convida para caminhadas pela manh\u00e3 e tarde.<\/p>\n<\/div>\n<div  class=\"content-right-image-imgcol\" data-type=\"column\"><img  decoding=\"async\" class=\"custom-image\" src=\"http:\/\/putiri.com.br\/wp-content\/uploads\/2023\/04\/PRAIA4.jpg\" alt=\"\"><\/div>\n<\/div>\n<\/div>\n<\/div>\n<div  id=\"testimonials-1\" class=\"testimonials-boxed-section\" style=\"background-color: #f6f6f6;\" data-label=\"Testimonials\" data-id=\"testimonials-boxed-section\" data-category=\"testimonials\">\n<div  class=\"\">\n<div  class=\"testimonials-boxed-textcol dynamic-color\" data-type=\"column\">\n<h2  class=\"\">Veja os coment\u00e1rios de quem j\u00e1 passou por aqui:<\/h2>\n<p  class=\"\">[grw id=&#8221;8&#8243;]<\/p>\n<\/div>\n<\/div>\n<\/div>\n","protected":false},"excerpt":{"rendered":"<p>Pertinho da Praia A casa fica a 350m da Praia de Putiri, em Aracruz \u2013 ES 5 Su\u00edtes S\u00e3o 5 su\u00edtes para o maior conforto de sua fam\u00edlia e amigos. Entretenimento Al\u00e9m de Internet, a casa possui sinuca na \u00e1rea gourmet. Putiri.com.br Re\u00fana a fam\u00edlia e os amigos e venha desfrutar de dias de descanso&hellip; <br \/> <a class=\"button small blue\" href=\"http:\/\/putiri.com.br\/?page_id=7\">Read more<\/a><\/p>\n","protected":false},"author":2,"featured_media":0,"parent":0,"menu_order":0,"comment_status":"closed","ping_status":"closed","template":"","meta":{"footnotes":""},"class_list":["post-7","page","type-page","status-publish","hentry"],"_links":{"self":[{"href":"http:\/\/putiri.com.br\/index.php?rest_route=\/wp\/v2\/pages\/7","targetHints":{"allow":["GET"]}}],"collection":[{"href":"http:\/\/putiri.com.br\/index.php?rest_route=\/wp\/v2\/pages"}],"about":[{"href":"http:\/\/putiri.com.br\/index.php?rest_route=\/wp\/v2\/types\/page"}],"author":[{"embeddable":true,"href":"http:\/\/putiri.com.br\/index.php?rest_route=\/wp\/v2\/users\/2"}],"replies":[{"embeddable":true,"href":"http:\/\/putiri.com.br\/index.php?rest_route=%2Fwp%2Fv2%2Fcomments&post=7"}],"version-history":[{"count":11,"href":"http:\/\/putiri.com.br\/index.php?rest_route=\/wp\/v2\/pages\/7\/revisions"}],"predecessor-version":[{"id":42,"href":"http:\/\/putiri.com.br\/index.php?rest_route=\/wp\/v2\/pages\/7\/revisions\/42"}],"wp:attachment":[{"href":"http:\/\/putiri.com.br\/index.php?rest_route=%2Fwp%2Fv2%2Fmedia&parent=7"}],"curies":[{"name":"wp","href":"https:\/\/api.w.org\/{rel}","templated":true}]}}